{"id":70,"date":"2020-07-19T02:16:55","date_gmt":"2020-07-19T02:16:55","guid":{"rendered":"http:\/\/ecober.obmenka.kz\/?page_id=70"},"modified":"2023-12-07T10:39:13","modified_gmt":"2023-12-07T10:39:13","slug":"proekty","status":"publish","type":"page","link":"https:\/\/ecober.com\/en\/proekty\/","title":{"rendered":"\u041f\u0440\u043e\u0435\u043a\u0442\u044b"},"content":{"rendered":"\n<div class=\"col-sm-9 pl0\">\n    <div class=\"sayfa-list list\">\n\n        <div class=\"item col-md-4 col-sm-4 col-xs-6\">\n            <figure><img decoding=\"async\" style=\"witdh:285px\" src=\"\/wp-content\/uploads\/2021\/12\/sherathon_astana.jpg\"\n                         alt=\"Sherathon Astana\"><\/figure>\n            <div class=\"image\">\n\n            <\/div>\n\n            <div class=\"text\">\n                <h3>Sheraton Hotel, Nur-Sultan<br><br><\/h3>\n                <p class=\"ulke\"><span>Country : <\/span>Kazakhstan<\/p>\n            <\/div>\n        <\/div>\n        <div class=\"item col-md-4 col-sm-4 col-xs-6\">\n            <figure><img decoding=\"async\" style=\"witdh:285px\" src=\"\/wp-content\/uploads\/2021\/12\/rixos_turkestan-1.jpg\"\n                         alt=\"Rixos Turkestan\"><\/figure>\n            <div class=\"image\">\n\n            <\/div>\n\n            <div class=\"text\">\n                <h3>Rixos Hotel, Turkestan<br><br><\/h3>\n                <p class=\"ulke\"><span>Country : <\/span>Kazakhstan<\/p>\n            <\/div>\n        <\/div>\n        <div class=\"item col-md-4 col-sm-4 col-xs-6\">\n            <figure><img decoding=\"async\" style=\"witdh:285px\" src=\"\/wp-content\/uploads\/2021\/12\/courtyard_by_marriott_tashkent.jpg\"\n                         alt=\"Coutyard by Marriot Taskent\"><\/figure>\n            <div class=\"image\">\n\n            <\/div>\n\n            <div class=\"text\">\n                <h3>Courtyard by Marr\u0131ot Hotel, Tashkent<\/h3>\n                <p class=\"ulke\"><span>Country : <\/span>Uzbekistan<\/p>\n            <\/div>\n        <\/div>\n\n        <div class=\"item col-md-4 col-sm-4 col-xs-6\">\n            <figure><img decoding=\"async\" style=\"witdh:285px\" src=\"\/wp-content\/uploads\/2021\/12\/rixos_aktau.jpg\" alt=\"Rixos Aktau\">\n            <\/figure>\n            <div class=\"image\">\n\n            <\/div>\n\n            <div class=\"text\">\n                <h3>Rixos Hotel, Aktau<\/h3>\n                <p class=\"ulke\"><span>Country : <\/span>Kazakhstan<\/p>\n            <\/div>\n        <\/div>\n        <div class=\"item col-md-4 col-sm-4 col-xs-6\">\n            <div class=\"image\">\n                <img decoding=\"async\" src=\"\/wp-content\/uploads\/2017\/04\/the-ritz-carlton-ast_wa285.jpg\" alt=\"The Ritz-Carlton 5*, Astana\">\n            <\/div>\n\n            <div class=\"text\">\n                <h3>Hotel The Ritz-Carlton 5*, Astana<\/h3>\n                <p class=\"ulke\"><span>Country : <\/span>Kazakhstan\n                <\/p>\n            <\/div>\n\n        <\/div>\n        <div class=\"item col-md-4 col-sm-4 col-xs-6\">\n\n            <div class=\"image\">\n                <img decoding=\"async\" src=\"\/wp-content\/uploads\/2017\/04\/st-regis-astana-residences_wa285.jpg\"\n                     alt=\"St. Regis Astana Residences 5*\">\n            <\/div>\n\n            <div class=\"text\">\n                <h3>St. Regis Astana Residences 5*<\/h3>\n                <p class=\"ulke\"><span>Country : <\/span>Kazakhstan\n                <\/p>\n            <\/div>\n\n        <\/div>\n\n        <div class=\"item col-md-4 col-sm-4 col-xs-6\">\n            <div class=\"image\">\n                <img decoding=\"async\" src=\"\/wp-content\/uploads\/2017\/04\/hilton-astana_wa285.jpg\" alt=\"Hilton Astana\">\n            <\/div>\n\n            <div class=\"text\">\n                <h3>Hilton Astana Hotel<br><br><\/h3>\n                <p class=\"ulke\"><span>Country : <\/span>Kazakhstan\n                <\/p>\n            <\/div>\n\n        <\/div>\n        <div class=\"item col-md-4 col-sm-4 col-xs-6\">\n            <div class=\"image\">\n                <img decoding=\"async\" src=\"\/wp-content\/uploads\/2017\/04\/rixos-almaty-hotel_wa285.jpg\" alt=\"Rixos  Almaty  Hotel 5*\">\n            <\/div>\n\n            <div class=\"text\">\n                <h3>Rixos Almaty Hotel 5*<br><br><\/h3>\n                <p class=\"ulke\"><span>Country : <\/span>Kazakhstan\n                <\/p>\n            <\/div>\n\n        <\/div>\n        <div class=\"item col-md-4 col-sm-4 col-xs-6\">\n\n            <div class=\"image\">\n                <img decoding=\"async\" src=\"\/wp-content\/uploads\/2017\/04\/best-western-plus-atakent-park-hotel_wa285.jpg\"\n                     alt=\"Best Western Plus Atakent Park Hotel 4*, Almaty\">\n            <\/div>\n\n            <div class=\"text\">\n                <h3>Best Western Plus Atakent Park Hotel 4*, Almaty<\/h3>\n                <p class=\"ulke\"><span>Country : <\/span>Kazakhstan\n                <\/p>\n            <\/div>\n\n        <\/div>\n\n        <div class=\"item col-md-4 col-sm-4 col-xs-6\">\n\n            <div class=\"image\">\n                <img decoding=\"async\" src=\"\/wp-content\/uploads\/2017\/04\/park-resort-vosem-ozer_wa285.jpg\"\n                     alt=\"Vosem Ozer Tatil Alan\u0131, Almaty\">\n            <\/div>\n\n            <div class=\"text\">\n                <h3>Recreation Zone Eight Lakes, Almaty<\/h3>\n                <p class=\"ulke\"><span>Country : <\/span>Kazakhstan\n                <\/p>\n            <\/div>\n\n        <\/div>\n        <div class=\"item col-md-4 col-sm-4 col-xs-6\">\n\n            <div class=\"image\">\n                <img decoding=\"async\" src=\"\/wp-content\/uploads\/2017\/04\/1492175673_ramada-hotel-almaty_wa285.jpg\"\n                     alt=\"Ramada Hotel Almaty 4*\">\n            <\/div>\n\n            <div class=\"text\">\n                <h3>Ramada Hotel Almaty 4*<br><br><\/h3>\n                <p class=\"ulke\"><span>Country : <\/span>Kazakhstan\n                <\/p>\n            <\/div>\n\n        <\/div>\n        <div class=\"item col-md-4 col-sm-4 col-xs-6\">\n\n            <div class=\"image\">\n                <img decoding=\"async\" src=\"\/wp-content\/uploads\/2017\/04\/12-karat-hotel-casino_wa285.jpg\"\n                     alt=\"12 Karat Hotel &#038; Casino, Almaty\">\n            <\/div>\n\n            <div class=\"text\">\n                <h3>12 Karat Hotel &#038; Casino, Almaty<br><br><\/h3>\n                <p class=\"ulke\"><span>Country : <\/span>Kazakhstan\n                <\/p>\n            <\/div>\n\n        <\/div>\n\n        <div class=\"item col-md-4 col-sm-4 col-xs-6\">\n\n            <div class=\"image\">\n                <img decoding=\"async\" src=\"\/wp-content\/uploads\/2017\/04\/hard-\u2013-rock-cafe_wa285.jpg\" alt=\"Hard \u2013 Rock Caf\u00e8, Almaty\">\n            <\/div>\n\n            <div class=\"text\">\n                <h3>Hard \u2013 Rock Cafe, Almaty<\/h3>\n                <p class=\"ulke\"><span>Country : <\/span>Kazakhstan\n                <\/p>\n            <\/div>\n\n        <\/div>\n        <div class=\"item col-md-4 col-sm-4 col-xs-6\">\n\n            <div class=\"image\">\n                <img decoding=\"async\" src=\"\/wp-content\/uploads\/2017\/04\/italian-villas-restaurant_wa285.jpg\"\n                     alt=\"Italian  Villas  Restaurant, Almaty\">\n            <\/div>\n\n            <div class=\"text\">\n                <h3>Italian Villas Restaurant, Almaty<\/h3>\n                <p class=\"ulke\"><span>Country : <\/span>Kazakhstan\n                <\/p>\n            <\/div>\n\n        <\/div>\n        <div class=\"item col-md-4 col-sm-4 col-xs-6\">\n\n            <div class=\"image\">\n                <img decoding=\"async\" src=\"\/wp-content\/uploads\/2017\/04\/kunayev-university_wa285.jpg\" alt=\"Kunayev \u00dcniversitesi,  Almaty\">\n            <\/div>\n\n            <div class=\"text\">\n                <h3>Kunayev University, Almaty<\/h3>\n                <p class=\"ulke\"><span>Country : <\/span>Kazakhstan\n                <\/p>\n            <\/div>\n\n        <\/div>\n\n        <div class=\"item col-md-4 col-sm-4 col-xs-6\">\n\n            <div class=\"image\">\n                <img decoding=\"async\" src=\"\/wp-content\/uploads\/2017\/04\/rixos-borovoe-hotel_wa285.jpg\" alt=\"Rixos Borovoe Hotel 5*\">\n            <\/div>\n\n            <div class=\"text\">\n                <h3>Rixos Borovoe Hotel 5*<br><br><\/h3>\n                <p class=\"ulke\"><span>Country : <\/span>Kazakhstan\n                <\/p>\n            <\/div>\n\n        <\/div>\n        <div class=\"item col-md-4 col-sm-4 col-xs-6\">\n\n            <div class=\"image\">\n                <img decoding=\"async\" src=\"\/wp-content\/uploads\/2017\/04\/ramada-hotel-astana_wa285.jpg\" alt=\"Ramada Plaza Astana Hotel 4*\">\n            <\/div>\n\n            <div class=\"text\">\n                <h3>Ramada Plaza Astana 4*<br><br><\/h3>\n                <p class=\"ulke\"><span>Country : <\/span>Kazakhstan\n                <\/p>\n            <\/div>\n\n        <\/div>\n        <div class=\"item col-md-4 col-sm-4 col-xs-6\">\n\n            <div class=\"image\">\n                <img decoding=\"async\" src=\"\/wp-content\/uploads\/2017\/04\/1492176519_comfort-hotel_wa285.jpg\"\n                     alt=\"Comfort  Hotel 4*, Astana\">\n            <\/div>\n\n            <div class=\"text\">\n                <h3>Comfort Hotel 4*<br><br><\/h3>\n                <p class=\"ulke\"><span>Country : <\/span>Kazakhstan\n                <\/p>\n            <\/div>\n\n        <\/div>\n\n        <div class=\"item col-md-4 col-sm-4 col-xs-6\">\n\n            <div class=\"image\">\n                <img decoding=\"async\" src=\"\/wp-content\/uploads\/2017\/04\/national-center-for-neurosurgery-hospital_wa285.jpg\"\n                     alt=\"Ulusal N\u00f6r\u00f6loji Hastanesi, Astana\">\n            <\/div>\n\n            <div class=\"text\">\n                <h3>National Center of Neurosurgery, Astana<\/h3>\n                <p class=\"ulke\"><span>Country : <\/span>Kazakhstan\n                <\/p>\n            <\/div>\n\n        <\/div>\n        <div class=\"item col-md-4 col-sm-4 col-xs-6\">\n\n            <div class=\"image\">\n                <img decoding=\"async\" src=\"\/wp-content\/uploads\/2017\/04\/media-center_wa285.jpg\" alt=\"Astana Bas\u0131n Yay\u0131n merkezi\">\n            <\/div>\n\n            <div class=\"text\">\n                <h3>Astana Media Center<br><br><\/h3>\n                <p class=\"ulke\"><span>Country : <\/span>Kazakhstan\n                <\/p>\n            <\/div>\n\n        <\/div>\n        <div class=\"item col-md-4 col-sm-4 col-xs-6\">\n\n            <div class=\"image\">\n                <img decoding=\"async\" src=\"\/wp-content\/uploads\/2017\/04\/khan-shatyr-entertainment-center_wa285.jpg\"\n                     alt=\"Khan \u015eatyr Al\u0131\u015f Veri\u015f Merkezi, Astana\">\n            <\/div>\n\n            <div class=\"text\">\n                <h3>Shopping and Entertainment Center &#8220;Khan Shatyry&#8221;<\/h3>\n                <p class=\"ulke\"><span>Country : <\/span>Kazakhstan\n                <\/p>\n            <\/div>\n\n        <\/div>\n\n        <div class=\"item col-md-4 col-sm-4 col-xs-6\">\n\n            <div class=\"image\">\n                <img decoding=\"async\" src=\"\/wp-content\/uploads\/2017\/04\/hazret-sultan-mosque_wa285.jpg\"\n                     alt=\"Hazreti Sultan Camisi, Astana\">\n            <\/div>\n\n            <div class=\"text\">\n                <h3>Mosque &#8220;Khazret Sultan&#8221;, Astana<\/h3>\n                <p class=\"ulke\"><span>Country : <\/span>Kazakhstan\n                <\/p>\n            <\/div>\n\n        <\/div>\n        <div class=\"item col-md-4 col-sm-4 col-xs-6\">\n\n            <div class=\"image\">\n                <img decoding=\"async\" src=\"\/wp-content\/uploads\/2017\/04\/wyndham-garden-astana_wa285.jpg\" alt=\"Wyndham Garden Astana 4*\">\n            <\/div>\n\n            <div class=\"text\">\n                <h3>Wyndham Garden Astana 4*<br><br><\/h3>\n                <p class=\"ulke\"><span>Country : <\/span>Kazakhstan\n                <\/p>\n            <\/div>\n\n        <\/div>\n        <div class=\"item col-md-4 col-sm-4 col-xs-6\">\n\n            <div class=\"image\">\n                <img decoding=\"async\" src=\"\/wp-content\/uploads\/2017\/04\/dastan-hotel-aktobe_wa285.jpg\" alt=\"Dastan Hotel Aktobe 4*\">\n            <\/div>\n\n            <div class=\"text\">\n                <h3>Dastan Hotel Aktobe 4*<br><br><\/h3>\n                <p class=\"ulke\"><span>Country : <\/span>Kazakhstan\n                <\/p>\n            <\/div>\n\n        <\/div>\n\n        <div class=\"item col-md-4 col-sm-4 col-xs-6\">\n\n            <div class=\"image\">\n                <img decoding=\"async\" src=\"\/wp-content\/uploads\/2017\/04\/ataba-hotel_wa285.jpg\" alt=\"Ataba Hotel 4*, Atyrau\">\n            <\/div>\n\n            <div class=\"text\">\n                <h3>Ataba Hotel 4*, Atyrau<br><br><\/h3>\n                <p class=\"ulke\"><span>Country : <\/span>Kazakhstan\n                <\/p>\n            <\/div>\n\n        <\/div>\n        <div class=\"item col-md-4 col-sm-4 col-xs-6\">\n\n            <div class=\"image\">\n                <img decoding=\"async\" src=\"\/wp-content\/uploads\/2017\/04\/atyrau-international-airport-central-kitchen_wa285.jpg\"\n                     alt=\"Uluslararas\u0131 Havaliman\u0131 Merkez Mutfa\u011f\u0131\">\n            <\/div>\n\n            <div class=\"text\">\n                <h3>Central dining room, Atyrau International Airport<\/h3>\n                <p class=\"ulke\"><span>Country : <\/span>Kazakhstan\n                <\/p>\n            <\/div>\n\n        <\/div>\n        <div class=\"item col-md-4 col-sm-4 col-xs-6\">\n\n            <div class=\"image\">\n                <img decoding=\"async\" src=\"\/wp-content\/uploads\/2017\/04\/mandarin-hotel-fitness-center_wa285.jpg\"\n                     alt=\"Mandarin Otel &#038; Spor Merkezi, Aktau\">\n            <\/div>\n\n            <div class=\"text\">\n                <h3>Mandarin Hotel &#038; Fitness Center, Aktau<\/h3>\n                <p class=\"ulke\"><span>Country : <\/span>Kazakhstan\n                <\/p>\n            <\/div>\n\n        <\/div>\n\n        <div class=\"item col-md-4 col-sm-4 col-xs-6\">\n\n            <div class=\"image\">\n                <img decoding=\"async\" src=\"\/wp-content\/uploads\/2017\/04\/rixos-khadisha-hotel_wa285.jpg\"\n                     alt=\"Rixos Hadishah Hotel 5*, \u015e\u0131mkent\">\n            <\/div>\n\n            <div class=\"text\">\n                <h3>Rixos Hadishah Hotel Reviews, \u015e\u0131mkent<\/h3>\n                <p class=\"ulke\"><span>Country : <\/span>Kazakhstan\n                <\/p>\n            <\/div>\n\n        <\/div>\n        <div class=\"item col-md-4 col-sm-4 col-xs-6\">\n\n            <div class=\"image\">\n                <img decoding=\"async\" src=\"\/wp-content\/uploads\/2017\/04\/aray-comfort-spa_wa285.jpg\" alt=\"Aray Comfort Spa 5*, Saryagash\">\n            <\/div>\n\n            <div class=\"text\">\n                <h3>Aray Comfort Spa 5*, Saryagash<br><br><\/h3>\n                <p class=\"ulke\"><span>Country : <\/span>Kazakhstan\n                <\/p>\n            <\/div>\n\n        <\/div>\n    <\/div>\n<\/div>\n","protected":false},"excerpt":{"rendered":"<p>Sheraton Hotel, Nur-Sultan Country : Kazakhstan Rixos Hotel, Turkestan Country : Kazakhstan Courtyard by Marr\u0131ot Hotel, Tashkent Country : Uzbekistan Rixos Hotel, Aktau Country : Kazakhstan Hotel The Ritz-Carlton 5*, Astana Country : Kazakhstan St. Regis Astana Residences 5* Country : Kazakhstan Hilton Astana Hotel &hellip; <\/p>\n","protected":false},"author":1,"featured_media":0,"parent":0,"menu_order":0,"comment_status":"closed","ping_status":"closed","template":"","meta":[],"yoast_head":"<!-- This site is optimized with the Yoast SEO plugin v21.6 - https:\/\/yoast.com\/wordpress\/plugins\/seo\/ -->\n<title>\u041f\u0440\u043e\u0435\u043a\u0442\u044b - ecober.com<\/title>\n<meta name=\"robots\" content=\"index, follow, max-snippet:-1, max-image-preview:large, max-video-preview:-1\" \/>\n<link rel=\"canonical\" href=\"https:\/\/ecober.com\/proekty\/\" \/>\n<meta property=\"og:locale\" content=\"en_US\" \/>\n<meta property=\"og:type\" content=\"article\" \/>\n<meta property=\"og:title\" content=\"\u041f\u0440\u043e\u0435\u043a\u0442\u044b - ecober.com\" \/>\n<meta property=\"og:description\" content=\"Sheraton Hotel, Nur-Sultan Country : Kazakhstan Rixos Hotel, Turkestan Country : Kazakhstan Courtyard by Marr\u0131ot Hotel, Tashkent Country : Uzbekistan Rixos Hotel, Aktau Country : Kazakhstan Hotel The Ritz-Carlton 5*, Astana Country : Kazakhstan St. Regis Astana Residences 5* Country : Kazakhstan Hilton Astana Hotel &hellip;\" \/>\n<meta property=\"og:url\" content=\"https:\/\/ecober.com\/proekty\/\" \/>\n<meta property=\"og:site_name\" content=\"ecober.com\" \/>\n<meta property=\"article:publisher\" content=\"https:\/\/www.facebook.com\/ecoberglobal?mibextid=ZbWKwL\" \/>\n<meta property=\"article:modified_time\" content=\"2023-12-07T10:39:13+00:00\" \/>\n<meta name=\"twitter:card\" content=\"summary_large_image\" \/>\n<meta name=\"twitter:label1\" content=\"Est. reading time\" \/>\n\t<meta name=\"twitter:data1\" content=\"13 minutes\" \/>\n<script type=\"application\/ld+json\" class=\"yoast-schema-graph\">{\"@context\":\"https:\/\/schema.org\",\"@graph\":[{\"@type\":\"WebPage\",\"@id\":\"https:\/\/ecober.com\/proekty\/\",\"url\":\"https:\/\/ecober.com\/proekty\/\",\"name\":\"\u041f\u0440\u043e\u0435\u043a\u0442\u044b - ecober.com\",\"isPartOf\":{\"@id\":\"https:\/\/ecober.com\/#website\"},\"datePublished\":\"2020-07-19T02:16:55+00:00\",\"dateModified\":\"2023-12-07T10:39:13+00:00\",\"inLanguage\":\"en-US\",\"potentialAction\":[{\"@type\":\"ReadAction\",\"target\":[\"https:\/\/ecober.com\/proekty\/\"]}]},{\"@type\":\"WebSite\",\"@id\":\"https:\/\/ecober.com\/#website\",\"url\":\"https:\/\/ecober.com\/\",\"name\":\"ecober.com\",\"description\":\"\",\"publisher\":{\"@id\":\"https:\/\/ecober.com\/#organization\"},\"potentialAction\":[{\"@type\":\"SearchAction\",\"target\":{\"@type\":\"EntryPoint\",\"urlTemplate\":\"https:\/\/ecober.com\/?s={search_term_string}\"},\"query-input\":\"required name=search_term_string\"}],\"inLanguage\":\"en-US\"},{\"@type\":\"Organization\",\"@id\":\"https:\/\/ecober.com\/#organization\",\"name\":\"ecober\",\"url\":\"https:\/\/ecober.com\/\",\"logo\":{\"@type\":\"ImageObject\",\"inLanguage\":\"en-US\",\"@id\":\"https:\/\/ecober.com\/#\/schema\/logo\/image\/\",\"url\":\"https:\/\/i1.wp.com\/ecober.com\/wp-content\/uploads\/2023\/07\/logo.png?fit=2417%2C765&ssl=1\",\"contentUrl\":\"https:\/\/i1.wp.com\/ecober.com\/wp-content\/uploads\/2023\/07\/logo.png?fit=2417%2C765&ssl=1\",\"width\":2417,\"height\":765,\"caption\":\"ecober\"},\"image\":{\"@id\":\"https:\/\/ecober.com\/#\/schema\/logo\/image\/\"},\"sameAs\":[\"https:\/\/www.facebook.com\/ecoberglobal?mibextid=ZbWKwL\"]}]}<\/script>\n<!-- \/ Yoast SEO plugin. -->","yoast_head_json":{"title":"\u041f\u0440\u043e\u0435\u043a\u0442\u044b - ecober.com","robots":{"index":"index","follow":"follow","max-snippet":"max-snippet:-1","max-image-preview":"max-image-preview:large","max-video-preview":"max-video-preview:-1"},"canonical":"https:\/\/ecober.com\/proekty\/","og_locale":"en_US","og_type":"article","og_title":"\u041f\u0440\u043e\u0435\u043a\u0442\u044b - ecober.com","og_description":"Sheraton Hotel, Nur-Sultan Country : Kazakhstan Rixos Hotel, Turkestan Country : Kazakhstan Courtyard by Marr\u0131ot Hotel, Tashkent Country : Uzbekistan Rixos Hotel, Aktau Country : Kazakhstan Hotel The Ritz-Carlton 5*, Astana Country : Kazakhstan St. Regis Astana Residences 5* Country : Kazakhstan Hilton Astana Hotel &hellip;","og_url":"https:\/\/ecober.com\/proekty\/","og_site_name":"ecober.com","article_publisher":"https:\/\/www.facebook.com\/ecoberglobal?mibextid=ZbWKwL","article_modified_time":"2023-12-07T10:39:13+00:00","twitter_card":"summary_large_image","twitter_misc":{"Est. reading time":"13 minutes"},"schema":{"@context":"https:\/\/schema.org","@graph":[{"@type":"WebPage","@id":"https:\/\/ecober.com\/proekty\/","url":"https:\/\/ecober.com\/proekty\/","name":"\u041f\u0440\u043e\u0435\u043a\u0442\u044b - ecober.com","isPartOf":{"@id":"https:\/\/ecober.com\/#website"},"datePublished":"2020-07-19T02:16:55+00:00","dateModified":"2023-12-07T10:39:13+00:00","inLanguage":"en-US","potentialAction":[{"@type":"ReadAction","target":["https:\/\/ecober.com\/proekty\/"]}]},{"@type":"WebSite","@id":"https:\/\/ecober.com\/#website","url":"https:\/\/ecober.com\/","name":"ecober.com","description":"","publisher":{"@id":"https:\/\/ecober.com\/#organization"},"potentialAction":[{"@type":"SearchAction","target":{"@type":"EntryPoint","urlTemplate":"https:\/\/ecober.com\/?s={search_term_string}"},"query-input":"required name=search_term_string"}],"inLanguage":"en-US"},{"@type":"Organization","@id":"https:\/\/ecober.com\/#organization","name":"ecober","url":"https:\/\/ecober.com\/","logo":{"@type":"ImageObject","inLanguage":"en-US","@id":"https:\/\/ecober.com\/#\/schema\/logo\/image\/","url":"https:\/\/i1.wp.com\/ecober.com\/wp-content\/uploads\/2023\/07\/logo.png?fit=2417%2C765&ssl=1","contentUrl":"https:\/\/i1.wp.com\/ecober.com\/wp-content\/uploads\/2023\/07\/logo.png?fit=2417%2C765&ssl=1","width":2417,"height":765,"caption":"ecober"},"image":{"@id":"https:\/\/ecober.com\/#\/schema\/logo\/image\/"},"sameAs":["https:\/\/www.facebook.com\/ecoberglobal?mibextid=ZbWKwL"]}]}},"jetpack_sharing_enabled":true,"_links":{"self":[{"href":"https:\/\/ecober.com\/en\/wp-json\/wp\/v2\/pages\/70"}],"collection":[{"href":"https:\/\/ecober.com\/en\/wp-json\/wp\/v2\/pages"}],"about":[{"href":"https:\/\/ecober.com\/en\/wp-json\/wp\/v2\/types\/page"}],"author":[{"embeddable":true,"href":"https:\/\/ecober.com\/en\/wp-json\/wp\/v2\/users\/1"}],"replies":[{"embeddable":true,"href":"https:\/\/ecober.com\/en\/wp-json\/wp\/v2\/comments?post=70"}],"version-history":[{"count":76,"href":"https:\/\/ecober.com\/en\/wp-json\/wp\/v2\/pages\/70\/revisions"}],"predecessor-version":[{"id":2030,"href":"https:\/\/ecober.com\/en\/wp-json\/wp\/v2\/pages\/70\/revisions\/2030"}],"wp:attachment":[{"href":"https:\/\/ecober.com\/en\/wp-json\/wp\/v2\/media?parent=70"}],"curies":[{"name":"wp","href":"https:\/\/api.w.org\/{rel}","templated":true}]}}